{"id":262,"date":"2023-11-24T17:30:30","date_gmt":"2023-11-24T17:30:30","guid":{"rendered":"https:\/\/barberiamac.com\/?page_id=262"},"modified":"2023-11-24T19:25:36","modified_gmt":"2023-11-24T19:25:36","slug":"politica-de-privacitat","status":"publish","type":"page","link":"https:\/\/barberiamac.com\/es\/politica-de-privacitat\/","title":{"rendered":"Pol\u00edtica de privacidad"},"content":{"rendered":"<div data-elementor-type=\"wp-page\" data-elementor-id=\"262\" class=\"elementor elementor-262\" data-elementor-post-type=\"page\">\n\t\t\t\t\t\t\t\t\t<section class=\"elementor-section elementor-top-section elementor-element elementor-element-73d98a76 elementor-section-boxed elementor-section-height-default elementor-section-height-default\" data-id=\"73d98a76\" data-element_type=\"section\">\n\t\t\t\t\t\t<div class=\"elementor-container elementor-column-gap-default\">\n\t\t\t\t\t<div class=\"elementor-column elementor-col-100 elementor-top-column elementor-element elementor-element-214a8fdb\" data-id=\"214a8fdb\" data-element_type=\"column\">\n\t\t\t<div class=\"elementor-widget-wrap elementor-element-populated\">\n\t\t\t\t\t\t\t\t<div class=\"elementor-element elementor-element-1d310f15 elementor-widget elementor-widget-spacer\" data-id=\"1d310f15\" data-element_type=\"widget\" data-widget_type=\"spacer.default\">\n\t\t\t\t<div class=\"elementor-widget-container\">\n\t\t\t\t\t<div class=\"elementor-spacer\">\n\t\t\t<div class=\"elementor-spacer-inner\"><\/div>\n\t\t<\/div>\n\t\t\t\t<\/div>\n\t\t\t\t<\/div>\n\t\t\t\t<div class=\"elementor-element elementor-element-63f36cf4 elementor-widget elementor-widget-heading\" data-id=\"63f36cf4\" data-element_type=\"widget\" data-widget_type=\"heading.default\">\n\t\t\t\t<div class=\"elementor-widget-container\">\n\t\t\t<h1 class=\"elementor-heading-title elementor-size-default\">Pol\u00edtica de Privacidad\u200b<\/h1>\t\t<\/div>\n\t\t\t\t<\/div>\n\t\t\t\t<div class=\"elementor-element elementor-element-180ca51b elementor-widget elementor-widget-heading\" data-id=\"180ca51b\" data-element_type=\"widget\" data-widget_type=\"heading.default\">\n\t\t\t\t<div class=\"elementor-widget-container\">\n\t\t\t<h2 class=\"elementor-heading-title elementor-size-default\">BARBERIA MAC<\/h2>\t\t<\/div>\n\t\t\t\t<\/div>\n\t\t\t\t<div class=\"elementor-element elementor-element-5b880b1b elementor-widget-divider--view-line elementor-widget elementor-widget-divider\" data-id=\"5b880b1b\" data-element_type=\"widget\" data-widget_type=\"divider.default\">\n\t\t\t\t<div class=\"elementor-widget-container\">\n\t\t\t\t\t<div class=\"elementor-divider\">\n\t\t\t<span class=\"elementor-divider-separator\">\n\t\t\t\t\t\t<\/span>\n\t\t<\/div>\n\t\t\t\t<\/div>\n\t\t\t\t<\/div>\n\t\t\t\t<div class=\"elementor-element elementor-element-3dd57d10 elementor-widget elementor-widget-heading\" data-id=\"3dd57d10\" data-element_type=\"widget\" data-widget_type=\"heading.default\">\n\t\t\t\t<div class=\"elementor-widget-container\">\n\t\t\t<h3 class=\"elementor-heading-title elementor-size-default\">Informaci\u00f3n sobre Protecci\u00f3n de Datos<\/h3>\t\t<\/div>\n\t\t\t\t<\/div>\n\t\t\t\t<div class=\"elementor-element elementor-element-8907d8a elementor-widget elementor-widget-heading\" data-id=\"8907d8a\" data-element_type=\"widget\" data-widget_type=\"heading.default\">\n\t\t\t\t<div class=\"elementor-widget-container\">\n\t\t\t<h4 class=\"elementor-heading-title elementor-size-default\"><a href=\"\">Datos del Responsable\n<\/a><\/h4>\t\t<\/div>\n\t\t\t\t<\/div>\n\t\t\t\t<div class=\"elementor-element elementor-element-5bd979bf elementor-widget elementor-widget-heading\" data-id=\"5bd979bf\" data-element_type=\"widget\" data-widget_type=\"heading.default\">\n\t\t\t\t<div class=\"elementor-widget-container\">\n\t\t\t<h5 class=\"elementor-heading-title elementor-size-default\"><a href=\"\">\u00a0 \u00a0 \u00a0 \u00a0 \u00a0 Responsable Tratamiento<\/a><\/h5>\t\t<\/div>\n\t\t\t\t<\/div>\n\t\t\t\t<div class=\"elementor-element elementor-element-6515497d elementor-widget elementor-widget-text-editor\" data-id=\"6515497d\" data-element_type=\"widget\" data-widget_type=\"text-editor.default\">\n\t\t\t\t<div class=\"elementor-widget-container\">\n\t\t\t\t\t\t\t<ol><li style=\"list-style-type: none;\"><ol>\u00a0\u00a0\u2013 Entidad: BARBERIA MAC<\/ol><\/li><li style=\"list-style-type: none;\"><ol>\u00a0 \u2013 CIF de la entidad: 43709573M<\/ol><\/li><li style=\"list-style-type: none;\"><ol>\u00a0 \u2013 Direcci\u00f3n de la entidad: P\/ LLU\u00cdS COMPANYS 7, 25120 ALFARR\u00c0S-LLEIDA<\/ol><\/li><li style=\"list-style-type: none;\"><ol>\u00a0 \u2013 Email de la entidad: BARBERIAMAC@GMAIL.COM<\/ol><\/li><\/ol><ol><li style=\"list-style-type: none;\">\u00a0<\/li><\/ol><ol><li style=\"list-style-type: none;\"><ol>\u00a0\u00a0\u2013 Responsable del tratamiento: CARME MAJ\u00d3S \u00c0NGEL<\/ol><\/li><\/ol><ol><li style=\"list-style-type: none;\"><ol>\u00a0\u00a0\u2013 Tel\u00e9fono del Responsable del tratamiento: 608 493 334<\/ol><\/li><li style=\"list-style-type: none;\"><ol>\u00a0 \u2013 Direcci\u00f3n email del Responsable del tratamiento: BARBERIAMAC@GMAIL.COM<\/ol><\/li><\/ol><ol><li style=\"list-style-type: none;\">\u00a0<\/li><\/ol>\t\t\t\t\t\t<\/div>\n\t\t\t\t<\/div>\n\t\t\t\t<div class=\"elementor-element elementor-element-5dfdff0d elementor-widget elementor-widget-text-editor\" data-id=\"5dfdff0d\" data-element_type=\"widget\" data-widget_type=\"text-editor.default\">\n\t\t\t\t<div class=\"elementor-widget-container\">\n\t\t\t\t\t\t\t<ul><li style=\"list-style-type: none;\"><p>En cumplimiento con la normativa legal vigente en materia de protecci\u00f3n de datos de car\u00e1cter personal, se informa el usuario que sus datos ser\u00e1n tratados por <strong>BARBERIA MAC <\/strong>Con la finalidad de<span class=\"hiddenSpellError\">entender<\/span>\u00a0su solicitud y de posibilitar la gesti\u00f3n de la relaci\u00f3n y contacto con usted.<\/p><p>Los datos proporcionados se conservar\u00e1n mientras se mantenga la relaci\u00f3n comercial o durante los a\u00f1os necesarios para cumplir con las obligaciones legales.<\/p><p>Otra finalidad es la de enviarle comunicaciones comerciales y de cortes\u00eda relacionadas con la entidad, a trav\u00e9s del tel\u00e9fono, correo postal ordinario, correo electr\u00f3nico o medios de comunicaci\u00f3n electr\u00f3nicos equivalentes.<\/p><p>Si el usuario no marca la aceptaci\u00f3n de la casilla correspondiente antes del env\u00edo de la solicitud de consulta, no recibir\u00e1 comunicaciones comerciales y de inter\u00e9s de esta entidad, sin perjuicio de ser atendida su consulta.<\/p><p>Para el usuario del servicio de\u00a0<span class=\"hiddenGreenError\" style=\"padding-bottom: 2px; background-image: url('..\/..\/..\/..\/..\/images\/squiggle_green.png'); background-repeat: repeat-x; background-position: left bottom; cursor: default; color: #000000; font-family: 'Open Sans', Helvetica, Arial, sans-serif; font-size: 16px; font-style: normal; font-variant-ligatures: normal; font-variant-caps: normal; font-weight: 300; letter-spacing: normal; orphans: 2; text-align: start; text-indent: 0px; text-transform: none; white-space: normal; widows: 2; word-spacing: 0px; -webkit-text-stroke-width: 0px; text-decoration-thickness: initial; text-decoration-style: initial; text-decoration-color: initial;\">newsletter<\/span>, la finalidad es la de responder a su solicitud de suscripci\u00f3n y enviarle comunicaciones comerciales y de cortes\u00eda relacionadas con nuestra entidad, a trav\u00e9s de correo electr\u00f3nico o medios de comunicaci\u00f3n electr\u00f3nica equivalentes, teniendo el consentimiento de la suscripci\u00f3n realizada.<\/p><p>El usuario acepta y consiente el tratamiento automatizado de los mismos por parte de <strong>BARBERIA MAC <\/strong>el cual garantiza que los datos recogidos no ser\u00e1n cedidas a terceras personas ni utilizadas con otra finalidad comercial que no sea para el que han sido recogidas y que siempre que fuera a realizarse alg\u00fan tipo de cesi\u00f3n de datos generales, de forma previa, se solicitar\u00eda el consentimiento expreso, informado, e inequ\u00edvoco por parte de los titulares. Los datos proporcionados se conservar\u00e1n mientras se mantenga la relaci\u00f3n comercial o durante los a\u00f1os necesarios para cumplir con las obligaciones legales.<\/p><p>El usuario es el \u00fanico responsable de la veracidad y correcci\u00f3n de los datos incluidos e informadas, exonerando a <strong>BARBERIA MAC <\/strong>de cualquier responsabilidad al respeto.<\/p><p><strong>BARBERIA MAC <\/strong>ha adoptado todas las medidas t\u00e9cnicas y organizativas necesarias para garantizar la seguridad e integridad de los datos de car\u00e1cter personal que trata, as\u00ed como para evitar su p\u00e9rdida, alteraci\u00f3n y acceso por parte de terceros no autorizados.<\/p><p><strong>BARBERIA MAC <\/strong>contiene enlaces a otros lugares webs que podr\u00edan almacenar informaci\u00f3n sobre los usuarios. <strong>BARBERIA MAC <\/strong>no se hace responsable de la gesti\u00f3n de la informaci\u00f3n de usuario ni de las condiciones de protecci\u00f3n de datos y confidencialidad otros sitios web.<\/p><p><strong>BARBERIA MAC <\/strong>se reserva el derecho a modificar su pol\u00edtica de privacidad, seg\u00fan su propio criterio, o motivado por un cambio legislativo, jurisprudencial o doctrinal de la Agencia Espa\u00f1ola de Protecci\u00f3n de Datos. Cualquier modificaci\u00f3n de la Pol\u00edtica de Privacidad ser\u00e1 publicada al menos diez d\u00edas antes de su efectiva aplicaci\u00f3n. El uso de la p\u00e1gina web despu\u00e9s de estos cambios, implicar\u00e1 la aceptaci\u00f3n de estos.<\/p><p>Se le informa que puede ejercer los derechos de acceso, rectificaci\u00f3n, supresi\u00f3n y, si procede, oposici\u00f3n y portabilidad de los datos, as\u00ed como la limitaci\u00f3n de tratamiento de estas, enviando una solicitud acompa\u00f1ada del documento identificativo a la direcci\u00f3n:<\/p><p>BARBERIAMAC@GMAIL.COM<\/p><p>As\u00ed mismo, se le comunica que dispone de la posibilidad de ejercer su derecho de presentaci\u00f3n de una reclamaci\u00f3n ante una unidad de control.<\/p><\/li><\/ul>\t\t\t\t\t\t<\/div>\n\t\t\t\t<\/div>\n\t\t\t\t<div class=\"elementor-element elementor-element-3c4c20b1 elementor-widget elementor-widget-spacer\" data-id=\"3c4c20b1\" data-element_type=\"widget\" data-widget_type=\"spacer.default\">\n\t\t\t\t<div class=\"elementor-widget-container\">\n\t\t\t\t\t<div class=\"elementor-spacer\">\n\t\t\t<div class=\"elementor-spacer-inner\"><\/div>\n\t\t<\/div>\n\t\t\t\t<\/div>\n\t\t\t\t<\/div>\n\t\t\t\t\t<\/div>\n\t\t<\/div>\n\t\t\t\t\t\t\t<\/div>\n\t\t<\/section>\n\t\t\t\t<section class=\"elementor-section elementor-top-section elementor-element elementor-element-5310c33e elementor-section-boxed elementor-section-height-default elementor-section-height-default\" data-id=\"5310c33e\" data-element_type=\"section\" data-settings=\"{&quot;background_background&quot;:&quot;classic&quot;}\">\n\t\t\t\t\t\t<div class=\"elementor-container elementor-column-gap-default\">\n\t\t\t\t\t<div class=\"elementor-column elementor-col-100 elementor-top-column elementor-element elementor-element-3ace4b66\" data-id=\"3ace4b66\" data-element_type=\"column\">\n\t\t\t<div class=\"elementor-widget-wrap elementor-element-populated\">\n\t\t\t\t\t\t\t\t<div class=\"elementor-element elementor-element-3a85bb1 elementor-widget elementor-widget-spacer\" data-id=\"3a85bb1\" data-element_type=\"widget\" data-widget_type=\"spacer.default\">\n\t\t\t\t<div class=\"elementor-widget-container\">\n\t\t\t\t\t<div class=\"elementor-spacer\">\n\t\t\t<div class=\"elementor-spacer-inner\"><\/div>\n\t\t<\/div>\n\t\t\t\t<\/div>\n\t\t\t\t<\/div>\n\t\t\t\t<div class=\"elementor-element elementor-element-585bd32d elementor-widget elementor-widget-theme-site-logo elementor-widget-image\" data-id=\"585bd32d\" data-element_type=\"widget\" data-widget_type=\"theme-site-logo.default\">\n\t\t\t\t<div class=\"elementor-widget-container\">\n\t\t\t\t\t\t\t\t\t\t\t<a href=\"https:\/\/barberiamac.com\/es\">\n\t\t\t<img loading=\"lazy\" decoding=\"async\" width=\"500\" height=\"500\" src=\"https:\/\/barberiamac.com\/wp-content\/uploads\/2023\/06\/mac_blanc.png\" class=\"attachment-full size-full wp-image-90\" alt=\"\" srcset=\"https:\/\/barberiamac.com\/wp-content\/uploads\/2023\/06\/mac_blanc.png 500w, https:\/\/barberiamac.com\/wp-content\/uploads\/2023\/06\/mac_blanc-300x300.png 300w, https:\/\/barberiamac.com\/wp-content\/uploads\/2023\/06\/mac_blanc-150x150.png 150w\" sizes=\"auto, (max-width: 500px) 100vw, 500px\" \/>\t\t\t\t<\/a>\n\t\t\t\t\t\t\t\t\t\t\t<\/div>\n\t\t\t\t<\/div>\n\t\t\t\t<div class=\"elementor-element elementor-element-667034b3 elementor-nav-menu__align-center elementor-nav-menu--dropdown-tablet elementor-nav-menu__text-align-aside elementor-nav-menu--toggle elementor-nav-menu--burger elementor-widget elementor-widget-nav-menu\" data-id=\"667034b3\" data-element_type=\"widget\" data-settings=\"{&quot;layout&quot;:&quot;horizontal&quot;,&quot;submenu_icon&quot;:{&quot;value&quot;:&quot;&lt;i class=\\&quot;fas fa-caret-down\\&quot;&gt;&lt;\\\/i&gt;&quot;,&quot;library&quot;:&quot;fa-solid&quot;},&quot;toggle&quot;:&quot;burger&quot;}\" data-widget_type=\"nav-menu.default\">\n\t\t\t\t<div class=\"elementor-widget-container\">\n\t\t\t\t\t\t<nav class=\"elementor-nav-menu--main elementor-nav-menu__container elementor-nav-menu--layout-horizontal e--pointer-underline e--animation-fade\">\n\t\t\t\t<ul id=\"menu-1-667034b3\" class=\"elementor-nav-menu\"><li class=\"menu-item menu-item-type-post_type menu-item-object-page menu-item-home menu-item-203\"><a href=\"https:\/\/barberiamac.com\/es\/\" class=\"elementor-item\">Inicio<\/a><\/li>\n<li class=\"menu-item menu-item-type-custom menu-item-object-custom menu-item-246\"><a href=\"https:\/\/barberiamac.com\/es\/inici#sobre\" class=\"elementor-item elementor-item-anchor\">Sobre nosotros<\/a><\/li>\n<li class=\"menu-item menu-item-type-post_type menu-item-object-page menu-item-202\"><a href=\"https:\/\/barberiamac.com\/es\/galeria\/\" class=\"elementor-item\">Galer\u00eda<\/a><\/li>\n<li class=\"menu-item menu-item-type-custom menu-item-object-custom menu-item-242\"><a href=\"https:\/\/barberiamac.com\/es\/inici#contacta\" class=\"elementor-item elementor-item-anchor\">Contacta<\/a><\/li>\n<\/ul>\t\t\t<\/nav>\n\t\t\t\t\t<div class=\"elementor-menu-toggle\" role=\"button\" tabindex=\"0\" aria-label=\"Alternar men\u00fa\" aria-expanded=\"false\">\n\t\t\t<i aria-hidden=\"true\" role=\"presentation\" class=\"elementor-menu-toggle__icon--open eicon-menu-bar\"><\/i><i aria-hidden=\"true\" role=\"presentation\" class=\"elementor-menu-toggle__icon--close eicon-close\"><\/i>\t\t\t<span class=\"elementor-screen-only\">Men\u00fa<\/span>\n\t\t<\/div>\n\t\t\t\t\t<nav class=\"elementor-nav-menu--dropdown elementor-nav-menu__container\" aria-hidden=\"true\">\n\t\t\t\t<ul id=\"menu-2-667034b3\" class=\"elementor-nav-menu\"><li class=\"menu-item menu-item-type-post_type menu-item-object-page menu-item-home menu-item-203\"><a href=\"https:\/\/barberiamac.com\/es\/\" class=\"elementor-item\" tabindex=\"-1\">Inicio<\/a><\/li>\n<li class=\"menu-item menu-item-type-custom menu-item-object-custom menu-item-246\"><a href=\"https:\/\/barberiamac.com\/es\/inici#sobre\" class=\"elementor-item elementor-item-anchor\" tabindex=\"-1\">Sobre nosotros<\/a><\/li>\n<li class=\"menu-item menu-item-type-post_type menu-item-object-page menu-item-202\"><a href=\"https:\/\/barberiamac.com\/es\/galeria\/\" class=\"elementor-item\" tabindex=\"-1\">Galer\u00eda<\/a><\/li>\n<li class=\"menu-item menu-item-type-custom menu-item-object-custom menu-item-242\"><a href=\"https:\/\/barberiamac.com\/es\/inici#contacta\" class=\"elementor-item elementor-item-anchor\" tabindex=\"-1\">Contacta<\/a><\/li>\n<\/ul>\t\t\t<\/nav>\n\t\t\t\t<\/div>\n\t\t\t\t<\/div>\n\t\t\t\t<div class=\"elementor-element elementor-element-78dd2804 elementor-icon-list--layout-inline elementor-align-right elementor-list-item-link-full_width elementor-widget elementor-widget-icon-list\" data-id=\"78dd2804\" data-element_type=\"widget\" data-widget_type=\"icon-list.default\">\n\t\t\t\t<div class=\"elementor-widget-container\">\n\t\t\t\t\t<ul class=\"elementor-icon-list-items elementor-inline-items\">\n\t\t\t\t\t\t\t<li class=\"elementor-icon-list-item elementor-inline-item\">\n\t\t\t\t\t\t\t\t\t\t\t<a href=\"https:\/\/barberiamac.com\/es\/politica-de-privacitat\/\">\n\n\t\t\t\t\t\t\t\t\t\t\t<span class=\"elementor-icon-list-text\">Pol\u00edtica de privacidad<\/span>\n\t\t\t\t\t\t\t\t\t\t\t<\/a>\n\t\t\t\t\t\t\t\t\t<\/li>\n\t\t\t\t\t\t\t\t<li class=\"elementor-icon-list-item elementor-inline-item\">\n\t\t\t\t\t\t\t\t\t\t\t<a href=\"https:\/\/barberiamac.com\/es\/politica-de-cookies\/\">\n\n\t\t\t\t\t\t\t\t\t\t\t<span class=\"elementor-icon-list-text\">Pol\u00edtica de Cookies\u200b<\/span>\n\t\t\t\t\t\t\t\t\t\t\t<\/a>\n\t\t\t\t\t\t\t\t\t<\/li>\n\t\t\t\t\t\t<\/ul>\n\t\t\t\t<\/div>\n\t\t\t\t<\/div>\n\t\t\t\t<div class=\"elementor-element elementor-element-5d8aaad7 elementor-widget elementor-widget-spacer\" data-id=\"5d8aaad7\" data-element_type=\"widget\" data-widget_type=\"spacer.default\">\n\t\t\t\t<div class=\"elementor-widget-container\">\n\t\t\t\t\t<div class=\"elementor-spacer\">\n\t\t\t<div class=\"elementor-spacer-inner\"><\/div>\n\t\t<\/div>\n\t\t\t\t<\/div>\n\t\t\t\t<\/div>\n\t\t\t\t\t<\/div>\n\t\t<\/div>\n\t\t\t\t\t\t\t<\/div>\n\t\t<\/section>\n\t\t\t\t<section class=\"elementor-section elementor-top-section elementor-element elementor-element-71b4f5d3 elementor-section-boxed elementor-section-height-default elementor-section-height-default\" data-id=\"71b4f5d3\" data-element_type=\"section\" data-settings=\"{&quot;background_background&quot;:&quot;classic&quot;}\">\n\t\t\t\t\t\t<div class=\"elementor-container elementor-column-gap-default\">\n\t\t\t\t\t<div class=\"elementor-column elementor-col-100 elementor-top-column elementor-element elementor-element-3da7ea2a\" data-id=\"3da7ea2a\" data-element_type=\"column\">\n\t\t\t<div class=\"elementor-widget-wrap elementor-element-populated\">\n\t\t\t\t\t\t\t\t<div class=\"elementor-element elementor-element-38570ce5 elementor-widget elementor-widget-heading\" data-id=\"38570ce5\" data-element_type=\"widget\" data-widget_type=\"heading.default\">\n\t\t\t\t<div class=\"elementor-widget-container\">\n\t\t\t<h2 class=\"elementor-heading-title elementor-size-default\">PROGRAMA KIT DIGITAL COFINANCIADO POR LOS FONDOS NEXT GENERATION (EU) DEL MECANISMO DE RECUPERACI\u00d3N Y RESILIENCIA<\/h2>\t\t<\/div>\n\t\t\t\t<\/div>\n\t\t\t\t<div class=\"elementor-element elementor-element-2d6c5717 elementor-widget elementor-widget-image\" data-id=\"2d6c5717\" data-element_type=\"widget\" data-widget_type=\"image.default\">\n\t\t\t\t<div class=\"elementor-widget-container\">\n\t\t\t\t\t\t\t\t\t\t\t\t\t\t\t<img loading=\"lazy\" decoding=\"async\" width=\"1024\" height=\"144\" src=\"https:\/\/barberiamac.com\/wp-content\/uploads\/2023\/11\/KIT-1024x144-1.png\" class=\"attachment-full size-full wp-image-235\" alt=\"\" srcset=\"https:\/\/barberiamac.com\/wp-content\/uploads\/2023\/11\/KIT-1024x144-1.png 1024w, https:\/\/barberiamac.com\/wp-content\/uploads\/2023\/11\/KIT-1024x144-1-300x42.png 300w, https:\/\/barberiamac.com\/wp-content\/uploads\/2023\/11\/KIT-1024x144-1-768x108.png 768w, https:\/\/barberiamac.com\/wp-content\/uploads\/2023\/11\/KIT-1024x144-1-18x3.png 18w\" sizes=\"auto, (max-width: 1024px) 100vw, 1024px\" \/>\t\t\t\t\t\t\t\t\t\t\t\t\t\t\t<\/div>\n\t\t\t\t<\/div>\n\t\t\t\t\t<\/div>\n\t\t<\/div>\n\t\t\t\t\t\t\t<\/div>\n\t\t<\/section>\n\t\t\t\t\t\t\t<\/div>","protected":false},"excerpt":{"rendered":"<p>Pol\u00edtica de Privacitat\u200b BARBERIA MAC Informaci\u00f3 sobre Protecci\u00f3 de Dades Dades relatives al Responsable \u00a0 \u00a0 \u00a0 \u00a0 \u00a0 Responsable Tractament \u00a0\u00a0&#8211; Entitat: BARBERIA MAC \u00a0 &#8211; CIF de la entitat: 43709573M \u00a0 &#8211; Direcci\u00f3 de la entitat: P\/ LLU\u00cdS COMPANYS 7, 25120 ALFARR\u00c0S-LLEIDA \u00a0 &#8211; Email de la entitat: BARBERIAMAC@GMAIL.COM \u00a0 \u00a0\u00a0&#8211; Responsable del [&hellip;]<\/p>","protected":false},"author":1,"featured_media":0,"parent":0,"menu_order":0,"comment_status":"closed","ping_status":"closed","template":"elementor_canvas","meta":{"footnotes":""},"class_list":["post-262","page","type-page","status-publish","hentry"],"_links":{"self":[{"href":"https:\/\/barberiamac.com\/es\/wp-json\/wp\/v2\/pages\/262","targetHints":{"allow":["GET"]}}],"collection":[{"href":"https:\/\/barberiamac.com\/es\/wp-json\/wp\/v2\/pages"}],"about":[{"href":"https:\/\/barberiamac.com\/es\/wp-json\/wp\/v2\/types\/page"}],"author":[{"embeddable":true,"href":"https:\/\/barberiamac.com\/es\/wp-json\/wp\/v2\/users\/1"}],"replies":[{"embeddable":true,"href":"https:\/\/barberiamac.com\/es\/wp-json\/wp\/v2\/comments?post=262"}],"version-history":[{"count":13,"href":"https:\/\/barberiamac.com\/es\/wp-json\/wp\/v2\/pages\/262\/revisions"}],"predecessor-version":[{"id":293,"href":"https:\/\/barberiamac.com\/es\/wp-json\/wp\/v2\/pages\/262\/revisions\/293"}],"wp:attachment":[{"href":"https:\/\/barberiamac.com\/es\/wp-json\/wp\/v2\/media?parent=262"}],"curies":[{"name":"wp","href":"https:\/\/api.w.org\/{rel}","templated":true}]}}