{"id":271,"date":"2023-11-24T18:52:03","date_gmt":"2023-11-24T18:52:03","guid":{"rendered":"https:\/\/barberiamac.com\/?page_id=271"},"modified":"2023-11-24T19:26:15","modified_gmt":"2023-11-24T19:26:15","slug":"politica-de-cookies","status":"publish","type":"page","link":"https:\/\/barberiamac.com\/es\/politica-de-cookies\/","title":{"rendered":"Pol\u00edtica de Cookies\u200b"},"content":{"rendered":"<div data-elementor-type=\"wp-page\" data-elementor-id=\"271\" class=\"elementor elementor-271\" data-elementor-post-type=\"page\">\n\t\t\t\t\t\t\t\t\t<section class=\"elementor-section elementor-top-section elementor-element elementor-element-21dcaa1a elementor-section-boxed elementor-section-height-default elementor-section-height-default\" data-id=\"21dcaa1a\" data-element_type=\"section\">\n\t\t\t\t\t\t<div class=\"elementor-container elementor-column-gap-default\">\n\t\t\t\t\t<div class=\"elementor-column elementor-col-100 elementor-top-column elementor-element elementor-element-a8f0a3\" data-id=\"a8f0a3\" data-element_type=\"column\">\n\t\t\t<div class=\"elementor-widget-wrap elementor-element-populated\">\n\t\t\t\t\t\t\t\t<div class=\"elementor-element elementor-element-2f0c03e1 elementor-widget elementor-widget-spacer\" data-id=\"2f0c03e1\" data-element_type=\"widget\" data-widget_type=\"spacer.default\">\n\t\t\t\t<div class=\"elementor-widget-container\">\n\t\t\t\t\t<div class=\"elementor-spacer\">\n\t\t\t<div class=\"elementor-spacer-inner\"><\/div>\n\t\t<\/div>\n\t\t\t\t<\/div>\n\t\t\t\t<\/div>\n\t\t\t\t<div class=\"elementor-element elementor-element-56c1bbe2 elementor-widget elementor-widget-heading\" data-id=\"56c1bbe2\" data-element_type=\"widget\" data-widget_type=\"heading.default\">\n\t\t\t\t<div class=\"elementor-widget-container\">\n\t\t\t<h1 class=\"elementor-heading-title elementor-size-default\">Pol\u00edtica de Cookies\u200b<\/h1>\t\t<\/div>\n\t\t\t\t<\/div>\n\t\t\t\t<div class=\"elementor-element elementor-element-4828b8dd elementor-widget elementor-widget-heading\" data-id=\"4828b8dd\" data-element_type=\"widget\" data-widget_type=\"heading.default\">\n\t\t\t\t<div class=\"elementor-widget-container\">\n\t\t\t<h2 class=\"elementor-heading-title elementor-size-default\">BARBERIA MAC\n\n<\/h2>\t\t<\/div>\n\t\t\t\t<\/div>\n\t\t\t\t<div class=\"elementor-element elementor-element-782f4fd2 elementor-widget-divider--view-line elementor-widget elementor-widget-divider\" data-id=\"782f4fd2\" data-element_type=\"widget\" data-widget_type=\"divider.default\">\n\t\t\t\t<div class=\"elementor-widget-container\">\n\t\t\t\t\t<div class=\"elementor-divider\">\n\t\t\t<span class=\"elementor-divider-separator\">\n\t\t\t\t\t\t<\/span>\n\t\t<\/div>\n\t\t\t\t<\/div>\n\t\t\t\t<\/div>\n\t\t\t\t<div class=\"elementor-element elementor-element-7f9a6e31 elementor-widget elementor-widget-heading\" data-id=\"7f9a6e31\" data-element_type=\"widget\" data-widget_type=\"heading.default\">\n\t\t\t\t<div class=\"elementor-widget-container\">\n\t\t\t<h3 class=\"elementor-heading-title elementor-size-default\">Informaci\u00f3n general de las cookies\u200b<\/h3>\t\t<\/div>\n\t\t\t\t<\/div>\n\t\t\t\t<div class=\"elementor-element elementor-element-5ff1d4d8 elementor-widget elementor-widget-text-editor\" data-id=\"5ff1d4d8\" data-element_type=\"widget\" data-widget_type=\"text-editor.default\">\n\t\t\t\t<div class=\"elementor-widget-container\">\n\t\t\t\t\t\t\t<ol><li style=\"list-style-type: none;\">La confianza del usuario es importante para nosotros, y, por tanto, en <strong>BARBERIA MAC<\/strong><br \/>\u00a0nos preocupa proteger su privacidad. Un aspecto importante de esto es proporcionarle toda la informaci\u00f3n posible sobre c\u00f3mo usamos los datos de car\u00e1cter personal, incluso como utilizamos la tienda local de datos y tecnolog\u00eda similar.<\/li><li style=\"list-style-type: none;\">El almacenamiento local de datos implica almacenar diferentes tipos de datos localmente en su dispositivo a trav\u00e9s de su navegador web. Los datos almacenados localmente podan, por ejemplo, contener la configuraci\u00f3n del usuario, informaci\u00f3n sobre c\u00f3mo navega por nuestro sitio web, qu\u00e9 navegador web utiliza, qu\u00e9 anuncios se han mostrado, y el comportamiento similar en sitios web con los que colaboramos. Los datos almacenados localmente pueden ser utilizados para personalizar el contenido y las funciones en nuestros servicios, de forma que sus visitas sean m\u00e1s c\u00f3modas y tengan m\u00e1s sentido. Un m\u00e9todo de almacenamiento local de datos son las galletas. Las cookies son peque\u00f1os archivos de texto que se almacenan en su dispositivo (PC, tel\u00e9fono m\u00f3vil o tableta) que nos permiten reconocer su navegador web. Las cookies contienen informaci\u00f3n principalmente sobre su navegador web y sobre cualquier actividad que se ha producido en \u00e9l. Nos ayudan a garantizar la seguridad y el funcionamiento \u00f3ptimo de nuestro sitio web, una vez sale de nuestra web estas son eliminadas (cookies de seguridad y cookies de sesi\u00f3n) y recogen informaci\u00f3n sobre los productos que los interesan a nuestras visitas de internet y sobre c\u00f3mo navegan a trav\u00e9s de nuestro sitio web para que nuestras ofertas en l\u00ednea sean m\u00e1s atractivas para los usuarios (cookies de seguimiento).<\/li><\/ol>\t\t\t\t\t\t<\/div>\n\t\t\t\t<\/div>\n\t\t\t\t<div class=\"elementor-element elementor-element-267cbb22 elementor-widget elementor-widget-heading\" data-id=\"267cbb22\" data-element_type=\"widget\" data-widget_type=\"heading.default\">\n\t\t\t\t<div class=\"elementor-widget-container\">\n\t\t\t<h3 class=\"elementor-heading-title elementor-size-default\">Informaci\u00f3n complementaria de los cookies\u200b<\/h3>\t\t<\/div>\n\t\t\t\t<\/div>\n\t\t\t\t<div class=\"elementor-element elementor-element-6628eb10 elementor-widget elementor-widget-text-editor\" data-id=\"6628eb10\" data-element_type=\"widget\" data-widget_type=\"text-editor.default\">\n\t\t\t\t<div class=\"elementor-widget-container\">\n\t\t\t\t\t\t\t<ol><li>Utilizamos el almacenamiento local de datos para una serie de finalidades, como por ejemplo: permitirnos realizar nuestros servicios; aportarte contenido pertinente, personalizado cuando visitas nuestros sitios web; mesurar y analizar el tr\u00e1fico a nuestro sitio web; mejorar nuestros servicios; y dirigir publicidad espec\u00edfica. A continuaci\u00f3n, se ofrecen m\u00e1s detalles sobre estos temas:<ul><li>Para nuestra publicidad<\/li><li style=\"list-style-type: none;\">Utilizamos el almacenamiento local de datos en relaci\u00f3n con las actividades publicitarias. Esto nos permite saber si y con frecuencia el usuario ha visto un anuncio o determinado tipo de anuncio, y cu\u00e1nto de tiempo hace que lo vio. Tambi\u00e9n utilizamos la tienda local de datos para construir segmentos y grupos objetivo con fines de marketing y para dirigir anuncios espec\u00edficos.<\/li><li>Para analizar y mejorar nuestros servicios<\/li><li style=\"list-style-type: none;\">Utilizamos varias herramientas de medida que nos proporcionan estad\u00edsticas y an\u00e1lisis relativos a nuestros servicios. Estas herramientas nos permiten reconocer el navegador web a lo largo del tiempo y averiguar si el usuario ha visitado el sitio web anteriormente y si es as\u00ed con qu\u00e9 frecuencia. Estas herramientas nos ofrecen la posibilidad de conseguir una visi\u00f3n general de cu\u00e1ntos usuarios \u00fanicos tenemos y como utilizan nuestros servicios. Asimismo, utilizamos la informaci\u00f3n que hemos recogido y analizado para desarrollar y mejorar nuestros servicios; por ejemplo, averiguando qu\u00e9 servicios generan mucho de tr\u00e1fico o viendo si un servicio est\u00e1 funcionando de manera \u00f3ptima.<\/li><li>Para librar y adaptar los servicios a su uso<\/li><li style=\"list-style-type: none;\">Se requiere y hace falta el almacenamiento local de datos para permitir utilizar nuestros servicios, como por ejemplo informaci\u00f3n sobre su configuraci\u00f3n, que nos dice como tienen que presentarse los servicios al navegador web. Tambi\u00e9n utilizamos el almacenamiento local de datos para adaptar nuestros servicios a su uso el mejor posible.<\/li><\/ul><\/li><li style=\"list-style-type: none;\">\u00a0<\/li><\/ol>\t\t\t\t\t\t<\/div>\n\t\t\t\t<\/div>\n\t\t\t\t<div class=\"elementor-element elementor-element-83f8d67 elementor-widget elementor-widget-heading\" data-id=\"83f8d67\" data-element_type=\"widget\" data-widget_type=\"heading.default\">\n\t\t\t\t<div class=\"elementor-widget-container\">\n\t\t\t<h3 class=\"elementor-heading-title elementor-size-default\">Gesti\u00f3n de les cookies\u200b<\/h3>\t\t<\/div>\n\t\t\t\t<\/div>\n\t\t\t\t<div class=\"elementor-element elementor-element-1037e017 elementor-widget elementor-widget-text-editor\" data-id=\"1037e017\" data-element_type=\"widget\" data-widget_type=\"text-editor.default\">\n\t\t\t\t<div class=\"elementor-widget-container\">\n\t\t\t\t\t\t\t<p>Puede desactivar las cookies o configurar su navegador porque lo avise cuando te env\u00edan una galleta<\/p><p>La configuraci\u00f3n en su navegador web normalmente muestra una lista de todas las cookies que han sido almacenadas para proporcionarle una visi\u00f3n general y, si lo desea, para eliminar las cookies no deseadas. Normalmente, puede indicar que acepta el almacenamiento de cookies de los sitios web que visitas o de terceros afiliados a estos sitios web. Tambi\u00e9n puede escoger ser notificado cada vez que se almacena una nueva cookies. Se le proporciona a continuaci\u00f3n orientaci\u00f3n sobre como hacer esto en diferentes navegadores web. Su navegador web almacena normalmente cookies en una carpeta espec\u00edfica en su disco duro, de forma que pueda examinar tambi\u00e9n el contenido con m\u00e1s detalle.<\/p><p>Sin embargo, las cookies que son presentes en el sitio web cambian muy a menudo, y no todas las cookies son igual de importantes. Por lo tanto, si <strong>BARBERIA MAC<\/strong><br \/>\u00a0cambia el uso de las cookies de seguimiento, se le notificar\u00e1 con un mensaje.<\/p><p>As\u00ed mismo, hay disponibles servicios que han sido desarrollados especialmente para proporcionar a los usuarios una lista actualizada de cookies y otros mecanismos de seguimiento.<\/p><p>Record\u00e1is que si usted las desactiva, es posible que no pueda disfrutar de todas las funcionalidades de nuestro sitio web.<\/p><p>A continuaci\u00f3n, se le presenta un resumen de como los datos almacenados localmente pueden ser gestionados en diferentes navegadores web. Record\u00e1is que este proceso puede cambiar y que las descripciones dadas aqu\u00ed podan no estar actualizadas.<\/p>\t\t\t\t\t\t<\/div>\n\t\t\t\t<\/div>\n\t\t\t\t<div class=\"elementor-element elementor-element-7e40e6bb elementor-widget elementor-widget-heading\" data-id=\"7e40e6bb\" data-element_type=\"widget\" data-widget_type=\"heading.default\">\n\t\t\t\t<div class=\"elementor-widget-container\">\n\t\t\t<h4 class=\"elementor-heading-title elementor-size-default\">Informaci\u00f3n de contacto<\/h4>\t\t<\/div>\n\t\t\t\t<\/div>\n\t\t\t\t<div class=\"elementor-element elementor-element-5d3356c1 elementor-widget elementor-widget-text-editor\" data-id=\"5d3356c1\" data-element_type=\"widget\" data-widget_type=\"text-editor.default\">\n\t\t\t\t<div class=\"elementor-widget-container\">\n\t\t\t\t\t\t\t<p>Para m\u00e1s transparencia, si tiene alguna pregunta relativa al uso del almacenamiento local de nuestro sitio web, poneos en contacto con nosotros a BARBERIAMAC@GMAIL.COM, indicando en el asunto \u201cPol\u00edtica de cookies\u201d<\/p>\t\t\t\t\t\t<\/div>\n\t\t\t\t<\/div>\n\t\t\t\t<div class=\"elementor-element elementor-element-35d9766a elementor-widget elementor-widget-spacer\" data-id=\"35d9766a\" data-element_type=\"widget\" data-widget_type=\"spacer.default\">\n\t\t\t\t<div class=\"elementor-widget-container\">\n\t\t\t\t\t<div class=\"elementor-spacer\">\n\t\t\t<div class=\"elementor-spacer-inner\"><\/div>\n\t\t<\/div>\n\t\t\t\t<\/div>\n\t\t\t\t<\/div>\n\t\t\t\t\t<\/div>\n\t\t<\/div>\n\t\t\t\t\t\t\t<\/div>\n\t\t<\/section>\n\t\t\t\t<section class=\"elementor-section elementor-top-section elementor-element elementor-element-506f856c elementor-section-boxed elementor-section-height-default elementor-section-height-default\" data-id=\"506f856c\" data-element_type=\"section\" data-settings=\"{&quot;background_background&quot;:&quot;classic&quot;}\">\n\t\t\t\t\t\t<div class=\"elementor-container elementor-column-gap-default\">\n\t\t\t\t\t<div class=\"elementor-column elementor-col-100 elementor-top-column elementor-element elementor-element-6eac43a9\" data-id=\"6eac43a9\" data-element_type=\"column\">\n\t\t\t<div class=\"elementor-widget-wrap elementor-element-populated\">\n\t\t\t\t\t\t\t\t<div class=\"elementor-element elementor-element-22bd8e32 elementor-widget elementor-widget-spacer\" data-id=\"22bd8e32\" data-element_type=\"widget\" data-widget_type=\"spacer.default\">\n\t\t\t\t<div class=\"elementor-widget-container\">\n\t\t\t\t\t<div class=\"elementor-spacer\">\n\t\t\t<div class=\"elementor-spacer-inner\"><\/div>\n\t\t<\/div>\n\t\t\t\t<\/div>\n\t\t\t\t<\/div>\n\t\t\t\t<div class=\"elementor-element elementor-element-8bc4ef3 elementor-widget elementor-widget-theme-site-logo elementor-widget-image\" data-id=\"8bc4ef3\" data-element_type=\"widget\" data-widget_type=\"theme-site-logo.default\">\n\t\t\t\t<div class=\"elementor-widget-container\">\n\t\t\t\t\t\t\t\t\t\t\t<a href=\"https:\/\/barberiamac.com\/es\">\n\t\t\t<img loading=\"lazy\" decoding=\"async\" width=\"500\" height=\"500\" src=\"https:\/\/barberiamac.com\/wp-content\/uploads\/2023\/06\/mac_blanc.png\" class=\"attachment-full size-full wp-image-90\" alt=\"\" srcset=\"https:\/\/barberiamac.com\/wp-content\/uploads\/2023\/06\/mac_blanc.png 500w, https:\/\/barberiamac.com\/wp-content\/uploads\/2023\/06\/mac_blanc-300x300.png 300w, https:\/\/barberiamac.com\/wp-content\/uploads\/2023\/06\/mac_blanc-150x150.png 150w\" sizes=\"auto, (max-width: 500px) 100vw, 500px\" \/>\t\t\t\t<\/a>\n\t\t\t\t\t\t\t\t\t\t\t<\/div>\n\t\t\t\t<\/div>\n\t\t\t\t<div class=\"elementor-element elementor-element-1daec46 elementor-nav-menu__align-center elementor-nav-menu--dropdown-tablet elementor-nav-menu__text-align-aside elementor-nav-menu--toggle elementor-nav-menu--burger elementor-widget elementor-widget-nav-menu\" data-id=\"1daec46\" data-element_type=\"widget\" data-settings=\"{&quot;layout&quot;:&quot;horizontal&quot;,&quot;submenu_icon&quot;:{&quot;value&quot;:&quot;&lt;i class=\\&quot;fas fa-caret-down\\&quot;&gt;&lt;\\\/i&gt;&quot;,&quot;library&quot;:&quot;fa-solid&quot;},&quot;toggle&quot;:&quot;burger&quot;}\" data-widget_type=\"nav-menu.default\">\n\t\t\t\t<div class=\"elementor-widget-container\">\n\t\t\t\t\t\t<nav class=\"elementor-nav-menu--main elementor-nav-menu__container elementor-nav-menu--layout-horizontal e--pointer-underline e--animation-fade\">\n\t\t\t\t<ul id=\"menu-1-1daec46\" class=\"elementor-nav-menu\"><li class=\"menu-item menu-item-type-post_type menu-item-object-page menu-item-home menu-item-203\"><a href=\"https:\/\/barberiamac.com\/es\/\" class=\"elementor-item\">Inicio<\/a><\/li>\n<li class=\"menu-item menu-item-type-custom menu-item-object-custom menu-item-246\"><a href=\"https:\/\/barberiamac.com\/es\/inici#sobre\" class=\"elementor-item elementor-item-anchor\">Sobre nosotros<\/a><\/li>\n<li class=\"menu-item menu-item-type-post_type menu-item-object-page menu-item-202\"><a href=\"https:\/\/barberiamac.com\/es\/galeria\/\" class=\"elementor-item\">Galer\u00eda<\/a><\/li>\n<li class=\"menu-item menu-item-type-custom menu-item-object-custom menu-item-242\"><a href=\"https:\/\/barberiamac.com\/es\/inici#contacta\" class=\"elementor-item elementor-item-anchor\">Contacta<\/a><\/li>\n<\/ul>\t\t\t<\/nav>\n\t\t\t\t\t<div class=\"elementor-menu-toggle\" role=\"button\" tabindex=\"0\" aria-label=\"Alternar men\u00fa\" aria-expanded=\"false\">\n\t\t\t<i aria-hidden=\"true\" role=\"presentation\" class=\"elementor-menu-toggle__icon--open eicon-menu-bar\"><\/i><i aria-hidden=\"true\" role=\"presentation\" class=\"elementor-menu-toggle__icon--close eicon-close\"><\/i>\t\t\t<span class=\"elementor-screen-only\">Men\u00fa<\/span>\n\t\t<\/div>\n\t\t\t\t\t<nav class=\"elementor-nav-menu--dropdown elementor-nav-menu__container\" aria-hidden=\"true\">\n\t\t\t\t<ul id=\"menu-2-1daec46\" class=\"elementor-nav-menu\"><li class=\"menu-item menu-item-type-post_type menu-item-object-page menu-item-home menu-item-203\"><a href=\"https:\/\/barberiamac.com\/es\/\" class=\"elementor-item\" tabindex=\"-1\">Inicio<\/a><\/li>\n<li class=\"menu-item menu-item-type-custom menu-item-object-custom menu-item-246\"><a href=\"https:\/\/barberiamac.com\/es\/inici#sobre\" class=\"elementor-item elementor-item-anchor\" tabindex=\"-1\">Sobre nosotros<\/a><\/li>\n<li class=\"menu-item menu-item-type-post_type menu-item-object-page menu-item-202\"><a href=\"https:\/\/barberiamac.com\/es\/galeria\/\" class=\"elementor-item\" tabindex=\"-1\">Galer\u00eda<\/a><\/li>\n<li class=\"menu-item menu-item-type-custom menu-item-object-custom menu-item-242\"><a href=\"https:\/\/barberiamac.com\/es\/inici#contacta\" class=\"elementor-item elementor-item-anchor\" tabindex=\"-1\">Contacta<\/a><\/li>\n<\/ul>\t\t\t<\/nav>\n\t\t\t\t<\/div>\n\t\t\t\t<\/div>\n\t\t\t\t<div class=\"elementor-element elementor-element-1227e09d elementor-icon-list--layout-inline elementor-align-right elementor-list-item-link-full_width elementor-widget elementor-widget-icon-list\" data-id=\"1227e09d\" data-element_type=\"widget\" data-widget_type=\"icon-list.default\">\n\t\t\t\t<div class=\"elementor-widget-container\">\n\t\t\t\t\t<ul class=\"elementor-icon-list-items elementor-inline-items\">\n\t\t\t\t\t\t\t<li class=\"elementor-icon-list-item elementor-inline-item\">\n\t\t\t\t\t\t\t\t\t\t\t<a href=\"https:\/\/barberiamac.com\/es\/politica-de-privacitat\/\">\n\n\t\t\t\t\t\t\t\t\t\t\t<span class=\"elementor-icon-list-text\">Pol\u00edtica de privacidad<\/span>\n\t\t\t\t\t\t\t\t\t\t\t<\/a>\n\t\t\t\t\t\t\t\t\t<\/li>\n\t\t\t\t\t\t\t\t<li class=\"elementor-icon-list-item elementor-inline-item\">\n\t\t\t\t\t\t\t\t\t\t\t<a href=\"https:\/\/barberiamac.com\/es\/politica-de-cookies\/\">\n\n\t\t\t\t\t\t\t\t\t\t\t<span class=\"elementor-icon-list-text\">Pol\u00edtica de Cookies\u200b<\/span>\n\t\t\t\t\t\t\t\t\t\t\t<\/a>\n\t\t\t\t\t\t\t\t\t<\/li>\n\t\t\t\t\t\t<\/ul>\n\t\t\t\t<\/div>\n\t\t\t\t<\/div>\n\t\t\t\t<div class=\"elementor-element elementor-element-62126d24 elementor-widget elementor-widget-spacer\" data-id=\"62126d24\" data-element_type=\"widget\" data-widget_type=\"spacer.default\">\n\t\t\t\t<div class=\"elementor-widget-container\">\n\t\t\t\t\t<div class=\"elementor-spacer\">\n\t\t\t<div class=\"elementor-spacer-inner\"><\/div>\n\t\t<\/div>\n\t\t\t\t<\/div>\n\t\t\t\t<\/div>\n\t\t\t\t\t<\/div>\n\t\t<\/div>\n\t\t\t\t\t\t\t<\/div>\n\t\t<\/section>\n\t\t\t\t<section class=\"elementor-section elementor-top-section elementor-element elementor-element-1f5530c6 elementor-section-boxed elementor-section-height-default elementor-section-height-default\" data-id=\"1f5530c6\" data-element_type=\"section\" data-settings=\"{&quot;background_background&quot;:&quot;classic&quot;}\">\n\t\t\t\t\t\t<div class=\"elementor-container elementor-column-gap-default\">\n\t\t\t\t\t<div class=\"elementor-column elementor-col-100 elementor-top-column elementor-element elementor-element-59e717a9\" data-id=\"59e717a9\" data-element_type=\"column\">\n\t\t\t<div class=\"elementor-widget-wrap elementor-element-populated\">\n\t\t\t\t\t\t\t\t<div class=\"elementor-element elementor-element-6bee7c45 elementor-widget elementor-widget-heading\" data-id=\"6bee7c45\" data-element_type=\"widget\" data-widget_type=\"heading.default\">\n\t\t\t\t<div class=\"elementor-widget-container\">\n\t\t\t<h2 class=\"elementor-heading-title elementor-size-default\">PROGRAMA KIT DIGITAL COFINANCIADO POR LOS FONDOS NEXT GENERATION (EU) DEL MECANISMO DE RECUPERACI\u00d3N Y RESILIENCIA<\/h2>\t\t<\/div>\n\t\t\t\t<\/div>\n\t\t\t\t<div class=\"elementor-element elementor-element-3e049c35 elementor-widget elementor-widget-image\" data-id=\"3e049c35\" data-element_type=\"widget\" data-widget_type=\"image.default\">\n\t\t\t\t<div class=\"elementor-widget-container\">\n\t\t\t\t\t\t\t\t\t\t\t\t\t\t\t<img loading=\"lazy\" decoding=\"async\" width=\"1024\" height=\"144\" src=\"https:\/\/barberiamac.com\/wp-content\/uploads\/2023\/11\/KIT-1024x144-1.png\" class=\"attachment-full size-full wp-image-235\" alt=\"\" srcset=\"https:\/\/barberiamac.com\/wp-content\/uploads\/2023\/11\/KIT-1024x144-1.png 1024w, https:\/\/barberiamac.com\/wp-content\/uploads\/2023\/11\/KIT-1024x144-1-300x42.png 300w, https:\/\/barberiamac.com\/wp-content\/uploads\/2023\/11\/KIT-1024x144-1-768x108.png 768w, https:\/\/barberiamac.com\/wp-content\/uploads\/2023\/11\/KIT-1024x144-1-18x3.png 18w\" sizes=\"auto, (max-width: 1024px) 100vw, 1024px\" \/>\t\t\t\t\t\t\t\t\t\t\t\t\t\t\t<\/div>\n\t\t\t\t<\/div>\n\t\t\t\t\t<\/div>\n\t\t<\/div>\n\t\t\t\t\t\t\t<\/div>\n\t\t<\/section>\n\t\t\t\t\t\t\t<\/div>","protected":false},"excerpt":{"rendered":"<p>Pol\u00edtica de Cookies\u200b BARBERIA MAC Informaci\u00f3 general de les cookies\u200b La confian\u00e7a del usuari \u00e9s important per a nosaltres, i per tant, en BARBERIA MAC\u00a0ens preocupa protegir la seva privacitat. Un aspecte important d&#8217;aix\u00f2 \u00e9s proporcionar-li tota la informaci\u00f3 possible sobre com fem servir les dades de car\u00e0cter personal, fins i tot com utilitzem la [&hellip;]<\/p>","protected":false},"author":1,"featured_media":0,"parent":0,"menu_order":0,"comment_status":"closed","ping_status":"closed","template":"elementor_canvas","meta":{"footnotes":""},"class_list":["post-271","page","type-page","status-publish","hentry"],"_links":{"self":[{"href":"https:\/\/barberiamac.com\/es\/wp-json\/wp\/v2\/pages\/271","targetHints":{"allow":["GET"]}}],"collection":[{"href":"https:\/\/barberiamac.com\/es\/wp-json\/wp\/v2\/pages"}],"about":[{"href":"https:\/\/barberiamac.com\/es\/wp-json\/wp\/v2\/types\/page"}],"author":[{"embeddable":true,"href":"https:\/\/barberiamac.com\/es\/wp-json\/wp\/v2\/users\/1"}],"replies":[{"embeddable":true,"href":"https:\/\/barberiamac.com\/es\/wp-json\/wp\/v2\/comments?post=271"}],"version-history":[{"count":10,"href":"https:\/\/barberiamac.com\/es\/wp-json\/wp\/v2\/pages\/271\/revisions"}],"predecessor-version":[{"id":297,"href":"https:\/\/barberiamac.com\/es\/wp-json\/wp\/v2\/pages\/271\/revisions\/297"}],"wp:attachment":[{"href":"https:\/\/barberiamac.com\/es\/wp-json\/wp\/v2\/media?parent=271"}],"curies":[{"name":"wp","href":"https:\/\/api.w.org\/{rel}","templated":true}]}}